{"id":3,"date":"2024-04-05T15:24:16","date_gmt":"2024-04-05T20:24:16","guid":{"rendered":"https:\/\/olameditores.com\/portal\/?page_id=3"},"modified":"2024-04-05T15:24:16","modified_gmt":"2024-04-05T20:24:16","slug":"politica-de-privacidad","status":"publish","type":"page","link":"https:\/\/olameditores.com\/portal\/politica-de-privacidad\/","title":{"rendered":"Pol\u00edtica de Privacidad"},"content":{"rendered":"\n<h2 class=\"wp-block-heading\">Qui\u00e9nes somos<\/h2>\n\n\n\n<p>En esta secci\u00f3n debes indicar la URL de tu sitio, as\u00ed como el nombre de la empresa, organizaci\u00f3n, o individuo que hay detr\u00e1s, y alguna informaci\u00f3n de contacto actualizada.<\/p>\n\n\n\n<p>La cantidad de informaci\u00f3n que se te puede pedir reflejar variar\u00e1 dependiendo de las regulaciones locales o nacionales de tu negocio. Por ejemplo, se te puede pedir que indiques una direcci\u00f3n f\u00edsica, una direcci\u00f3n registrada o el n\u00famero de registro de tu empresa.<\/p>\n\n\n\n<h2 class=\"wp-block-heading\">Qu\u00e9 datos personales recogemos y por qu\u00e9 los recogemos<\/h2>\n\n\n\n<p>En esta secci\u00f3n deber\u00edas anotar qu\u00e9 datos personales recopilas de los usuarios y de los visitantes del sitio. Esto podr\u00eda incluir datos personales tales como el nombre, direcci\u00f3n de correo electr\u00f3nico, preferencias personales de la cuenta; datos transaccionales, como informaci\u00f3n de compras; y datos t\u00e9cnicos, como la informaci\u00f3n sobre las cookies.<\/p>\n\n\n\n<p>Tambi\u00e9n deber\u00edas tener en cuenta cualquier recopilaci\u00f3n y retenci\u00f3n de datos personales sensibles, como los relativos a la salud.<\/p>\n\n\n\n<p>Adem\u00e1s de enumerar los datos personales que recopilas, debes indicar por qu\u00e9 los recopilas. En estas explicaciones debe indicarse el fundamento jur\u00eddico de la recogida y conservaci\u00f3n de los datos o el consentimiento activo del usuario.<\/p>\n\n\n\n<p>Los datos personales no son solo creados por las interacciones de un usuario con tu sitio. Los datos personales tambi\u00e9n se generan a partir de procesos t\u00e9cnicos como formularios de contacto, comentarios, cookies, anal\u00edtica e incrustaciones de terceros.<\/p>\n\n\n\n<p>Por defecto, WordPress no recopila ning\u00fan dato personal sobre los visitantes y solo recopila los datos mostrados en la pantalla del perfil de usuario para los usuarios registrados. Sin embargo, algunos de tus plugins tambi\u00e9n pueden recopilar datos personales. A\u00f1ade la informaci\u00f3n relevante a continuaci\u00f3n.<\/p>\n\n\n\n<h2 class=\"wp-block-heading\">Comentarios<\/h2>\n\n\n\n<p>En esta subsecci\u00f3n deber\u00edas anotar qu\u00e9 informaci\u00f3n se captura en los comentarios. Hemos anotado los datos que WordPress recopila por defecto.<\/p>\n\n\n\n<h2 class=\"wp-block-heading\">Medios<\/h2>\n\n\n\n<p>En esta subsecci\u00f3n deber\u00edas anotar qu\u00e9 informaci\u00f3n puede mostrarse de los usuarios que suban archivos de medios. Todos los archivos subidos son normalmente accesibles p\u00fablicamente.<\/p>\n\n\n\n<h2 class=\"wp-block-heading\">Formularios de contacto<\/h2>\n\n\n\n<p>Por defecto, WordPress no incluye un formulario de contacto. Si utilizas un plugin de formulario de contacto, utiliza esta subsecci\u00f3n para indicar qu\u00e9 datos personales se capturan cuando alguien env\u00eda un formulario de contacto y cu\u00e1nto tiempo los conservas. Por ejemplo, puedes indicar que mantienes los env\u00edos de formularios de contacto durante un cierto per\u00edodo con fines de servicio al cliente, pero no utilizas la informaci\u00f3n enviada a trav\u00e9s de ellos con fines de marketing.<\/p>\n\n\n\n<h2 class=\"wp-block-heading\">Cookies<\/h2>\n\n\n\n<p>En esta subsecci\u00f3n debes enumerar las cookies que utiliza tu web, incluidas las instaladas por tus plugins, redes sociales y anal\u00edtica. Hemos proporcionado las cookies que WordPress instala por defecto.<\/p>\n\n\n\n<h2 class=\"wp-block-heading\">Anal\u00edtica<\/h2>\n\n\n\n<p>En esta subsecci\u00f3n deber\u00edas anotar qu\u00e9 paquete de anal\u00edtica usas, c\u00f3mo los usuarios pueden decidir sobre el seguimiento de la anal\u00edtica y un enlace a la pol\u00edtica de privacidad de tu proveedor de anal\u00edtica, si lo tuviera.<\/p>\n\n\n\n<p>Por defecto, WordPress no recoge ning\u00fan dato anal\u00edtico. Sin embargo, muchas cuentas de alojamiento web recogen algunos datos anal\u00edticos an\u00f3nimos. Tambi\u00e9n es posible que hayas instalado un plugin de WordPress que proporciona servicios de anal\u00edtica. En ese caso, a\u00f1ade la informaci\u00f3n de ese plugin aqu\u00ed.<\/p>\n\n\n\n<h2 class=\"wp-block-heading\">Con qui\u00e9n compartimos tus datos<\/h2>\n\n\n\n<p>En esta secci\u00f3n debes nombrar y enumerar todos los proveedores externos con los que compartes datos del sitio, incluidos los socios, los servicios basados en la nube, los procesadores de pagos y los proveedores de servicios externos, e indicar qu\u00e9 datos compartes con ellos y por qu\u00e9. Enlaza a sus propios avisos de privacidad si es posible.<\/p>\n\n\n\n<p>Por defecto, WordPress no comparte ning\u00fan dato personal con nadie.<\/p>\n\n\n\n<h2 class=\"wp-block-heading\">Cu\u00e1nto tiempo conservamos tus datos<\/h2>\n\n\n\n<p>En esta secci\u00f3n deber\u00e1s explicar durante cu\u00e1nto tiempo se conservar\u00e1n los datos personales recopilados o procesados por la web. Si bien es tu responsabilidad establecer por cu\u00e1nto tiempo se conservar\u00e1 cada conjunto de datos y por qu\u00e9 lo conservas, esa informaci\u00f3n debe figurar aqu\u00ed. Por ejemplo, puedes decir que mantienes las entradas del formulario de contacto durante seis meses, los registros de anal\u00edtica durante un a\u00f1o, y los registros de compras de clientes durante diez a\u00f1os.<\/p>\n\n\n\n<h2 class=\"wp-block-heading\">Qu\u00e9 derechos tienes sobre tus datos<\/h2>\n\n\n\n<p>En esta secci\u00f3n debes explicar qu\u00e9 derechos tienen tus usuarios sobre sus datos y c\u00f3mo pueden ejercerlos.<\/p>\n\n\n\n<h2 class=\"wp-block-heading\">D\u00f3nde se env\u00edan tus datos<\/h2>\n\n\n\n<p>En esta secci\u00f3n deber\u00edas enumerar todas las transferencias de los datos de tu sitio fuera de la Uni\u00f3n Europea y describir los medios por los que se protegen esos datos de acuerdo con las normas europeas de protecci\u00f3n de datos. Esto podr\u00eda incluir tu alojamiento web, almacenamiento en la nube u otros servicios de terceros.<\/p>\n\n\n\n<p>La legislaci\u00f3n europea de protecci\u00f3n de datos exige que los datos sobre los residentes europeos que se transfieren fuera de la Uni\u00f3n Europea se salvaguarden con los mismos est\u00e1ndares que si los datos estuvieran en Europa. Por lo tanto, adem\u00e1s de enumerar a d\u00f3nde van los datos, debes describir c\u00f3mo se asegura que t\u00fa mismo o tus proveedores terceros cumplan estas normas, ya sea a trav\u00e9s de un acuerdo como Privacy Shield, cl\u00e1usulas modelo en tus contratos o reglas corporativas vinculantes.<\/p>\n\n\n\n<h2 class=\"wp-block-heading\">Informaci\u00f3n de contacto<\/h2>\n\n\n\n<p>En esta secci\u00f3n debes proporcionar un m\u00e9todo de contacto para cuestiones espec\u00edficas de privacidad. Si es necesario que tengas un responsable de protecci\u00f3n de datos, indica tambi\u00e9n aqu\u00ed su nombre y sus datos de contacto completos.<\/p>\n\n\n\n<h2 class=\"wp-block-heading\">Informaci\u00f3n adicional<\/h2>\n\n\n\n<p>Si utilizas tu web con fines comerciales y realizas una recopilaci\u00f3n o procesamiento de datos personales m\u00e1s compleja, deber\u00edas anotar la siguiente informaci\u00f3n en tu aviso de privacidad, adem\u00e1s de la informaci\u00f3n que ya hemos discutido.<\/p>\n\n\n\n<h2 class=\"wp-block-heading\">C\u00f3mo protegemos tus datos<\/h2>\n\n\n\n<p>En esta secci\u00f3n debes explicar qu\u00e9 medidas has tomado para proteger los datos de tus usuarios. Esto podr\u00eda incluir medidas t\u00e9cnicas como el cifrado; medidas de seguridad como la identificaci\u00f3n de dos factores; y medidas como la formaci\u00f3n del personal en materia de protecci\u00f3n de datos. Si has realizado una evaluaci\u00f3n del impacto en la privacidad, puedes mencionarlo aqu\u00ed tambi\u00e9n.<\/p>\n\n\n\n<h2 class=\"wp-block-heading\">Qu\u00e9 procedimientos utilizamos contra las brechas de datos<\/h2>\n\n\n\n<p>En esta secci\u00f3n debes explicar qu\u00e9 procedimientos tienes en marcha para tratar las brechas de datos, ya sean reales o potenciales, tales como sistemas internos de informes, mecanismos de contacto o compensaciones por fallos.<\/p>\n\n\n\n<h2 class=\"wp-block-heading\">De qu\u00e9 terceros recibimos datos<\/h2>\n\n\n\n<p>Si tu web recibe datos sobre los usuarios de terceros, incluidos los anunciantes, esta informaci\u00f3n debe incluirse en la secci\u00f3n de tu aviso de privacidad relativo a los datos de terceros.<\/p>\n\n\n\n<h2 class=\"wp-block-heading\">Qu\u00e9 tipo de toma de decisiones automatizada y\/o perfilado hacemos con los datos del usuario<\/h2>\n\n\n\n<p>Si tu web proporciona un servicio que incluye la toma de decisiones automatizada \u2014por ejemplo, permitir a los clientes solicitar cr\u00e9dito o agregar sus datos en un perfil publicitario\u2014 debes dar cuenta de que esto est\u00e1 ocurriendo, e incluir informaci\u00f3n sobre c\u00f3mo se utiliza esa informaci\u00f3n, qu\u00e9 decisiones se toman con esos datos agregados, y qu\u00e9 derechos tienen los usuarios sobre las decisiones tomadas sin intervenci\u00f3n humana.<\/p>\n\n\n\n<h2 class=\"wp-block-heading\">Requerimientos regulatorios de revelaci\u00f3n de informaci\u00f3n del sector<\/h2>\n\n\n\n<p>Si eres un miembro de un sector regulado, o si est\u00e1s sujeto a leyes de privacidad adicionales, es posible que se te pida que reveles esa informaci\u00f3n aqu\u00ed.<\/p>\n","protected":false},"excerpt":{"rendered":"<p>Qui\u00e9nes somos En esta secci\u00f3n debes indicar la URL de tu sitio, as\u00ed como el nombre de la empresa, organizaci\u00f3n, o individuo que hay detr\u00e1s, y alguna informaci\u00f3n de contacto actualizada. La cantidad de informaci\u00f3n que se te puede pedir reflejar variar\u00e1 dependiendo de las regulaciones locales o nacionales de tu negocio. Por ejemplo, se [&hellip;]<\/p>\n","protected":false},"author":1,"featured_media":0,"parent":0,"menu_order":0,"comment_status":"closed","ping_status":"open","template":"","meta":{"site-sidebar-layout":"default","site-content-layout":"","ast-site-content-layout":"default","site-content-style":"default","site-sidebar-style":"default","ast-global-header-display":"","ast-banner-title-visibility":"","ast-main-header-display":"","ast-hfb-above-header-display":"","ast-hfb-below-header-display":"","ast-hfb-mobile-header-display":"","site-post-title":"","ast-breadcrumbs-content":"","ast-featured-img":"","footer-sml-layout":"","ast-disable-related-posts":"","theme-transparent-header-meta":"","adv-header-id-meta":"","stick-header-meta":"","header-above-stick-meta":"","header-main-stick-meta":"","header-below-stick-meta":"","astra-migrate-meta-layouts":"default","ast-page-background-enabled":"default","ast-page-background-meta":{"desktop":{"background-color":"var(--ast-global-color-4)","background-image":"","background-repeat":"repeat","background-position":"center center","background-size":"auto","background-attachment":"scroll","background-type":"","background-media":"","overlay-type":"","overlay-color":"","overlay-opacity":"","overlay-gradient":""},"tablet":{"background-color":"","background-image":"","background-repeat":"repeat","background-position":"center center","background-size":"auto","background-attachment":"scroll","background-type":"","background-media":"","overlay-type":"","overlay-color":"","overlay-opacity":"","overlay-gradient":""},"mobile":{"background-color":"","background-image":"","background-repeat":"repeat","background-position":"center center","background-size":"auto","background-attachment":"scroll","background-type":"","background-media":"","overlay-type":"","overlay-color":"","overlay-opacity":"","overlay-gradient":""}},"ast-content-background-meta":{"desktop":{"background-color":"var(--ast-global-color-5)","background-image":"","background-repeat":"repeat","background-position":"center center","background-size":"auto","background-attachment":"scroll","background-type":"","background-media":"","overlay-type":"","overlay-color":"","overlay-opacity":"","overlay-gradient":""},"tablet":{"background-color":"var(--ast-global-color-5)","background-image":"","background-repeat":"repeat","background-position":"center center","background-size":"auto","background-attachment":"scroll","background-type":"","background-media":"","overlay-type":"","overlay-color":"","overlay-opacity":"","overlay-gradient":""},"mobile":{"background-color":"var(--ast-global-color-5)","background-image":"","background-repeat":"repeat","background-position":"center center","background-size":"auto","background-attachment":"scroll","background-type":"","background-media":"","overlay-type":"","overlay-color":"","overlay-opacity":"","overlay-gradient":""}},"_joinchat":[],"footnotes":""},"class_list":["post-3","page","type-page","status-publish","hentry"],"_links":{"self":[{"href":"https:\/\/olameditores.com\/portal\/wp-json\/wp\/v2\/pages\/3","targetHints":{"allow":["GET"]}}],"collection":[{"href":"https:\/\/olameditores.com\/portal\/wp-json\/wp\/v2\/pages"}],"about":[{"href":"https:\/\/olameditores.com\/portal\/wp-json\/wp\/v2\/types\/page"}],"author":[{"embeddable":true,"href":"https:\/\/olameditores.com\/portal\/wp-json\/wp\/v2\/users\/1"}],"replies":[{"embeddable":true,"href":"https:\/\/olameditores.com\/portal\/wp-json\/wp\/v2\/comments?post=3"}],"version-history":[{"count":1,"href":"https:\/\/olameditores.com\/portal\/wp-json\/wp\/v2\/pages\/3\/revisions"}],"predecessor-version":[{"id":20,"href":"https:\/\/olameditores.com\/portal\/wp-json\/wp\/v2\/pages\/3\/revisions\/20"}],"wp:attachment":[{"href":"https:\/\/olameditores.com\/portal\/wp-json\/wp\/v2\/media?parent=3"}],"curies":[{"name":"wp","href":"https:\/\/api.w.org\/{rel}","templated":true}]}}